{"id":5375,"date":"2025-10-07T17:36:58","date_gmt":"2025-10-07T22:36:58","guid":{"rendered":"https:\/\/resourcefulness.org\/educacion\/"},"modified":"2026-01-20T10:52:18","modified_gmt":"2026-01-20T16:52:18","slug":"educacion","status":"publish","type":"page","link":"https:\/\/resourcefulness.org\/es\/educacion\/","title":{"rendered":"Educaci\u00f3n"},"content":{"rendered":"\t\t<div data-elementor-type=\"wp-page\" data-elementor-id=\"5375\" class=\"elementor elementor-5375 elementor-5357\" data-elementor-post-type=\"page\">\n\t\t\t\t<div class=\"elementor-element elementor-element-0c4f6e3 e-flex e-con-boxed e-con e-parent\" data-id=\"0c4f6e3\" data-element_type=\"container\">\n\t\t\t\t\t<div class=\"e-con-inner\">\n\t\t\t\t<div class=\"elementor-element elementor-element-939cf7f elementor-widget elementor-widget-heading\" data-id=\"939cf7f\" data-element_type=\"widget\" data-widget_type=\"heading.default\">\n\t\t\t\t<div class=\"elementor-widget-container\">\n\t\t\t\t\t<h1 class=\"elementor-heading-title elementor-size-default\">Recursos de aprendizaje<\/h1>\t\t\t\t<\/div>\n\t\t\t\t<\/div>\n\t\t\t\t\t<\/div>\n\t\t\t\t<\/div>\n\t\t<div class=\"elementor-element elementor-element-8e56411 e-flex e-con-boxed e-con e-parent\" data-id=\"8e56411\" data-element_type=\"container\">\n\t\t\t\t\t<div class=\"e-con-inner\">\n\t\t<div class=\"elementor-element elementor-element-1380680 e-con-full e-flex elementor-invisible e-con e-child\" data-id=\"1380680\" data-element_type=\"container\" data-settings=\"{&quot;animation&quot;:&quot;fadeInLeft&quot;,&quot;animation_mobile&quot;:&quot;none&quot;}\">\n\t\t\t\t<div class=\"elementor-element elementor-element-357ed94 elementor-widget elementor-widget-text-editor\" data-id=\"357ed94\" data-element_type=\"widget\" data-widget_type=\"text-editor.default\">\n\t\t\t\t<div class=\"elementor-widget-container\">\n\t\t\t\t\t\t\t\t\t<p>Estos recursos educativos refuerzan la misi\u00f3n de Resourcefulness al ayudar a los estudiantes a explorar la relaci\u00f3n fundamental entre la energ\u00eda y el agua, y a comprender c\u00f3mo la conservaci\u00f3n y la sostenibilidad impactan nuestra vida diaria. Estos materiales incluyen lecciones alineadas a los est\u00e1ndares educativos de Texas, actividades para el aula y gu\u00edas de discusi\u00f3n que fortalecen la alfabetizaci\u00f3n cient\u00edfica y ambiental. En conjunto, fomentan el pensamiento cr\u00edtico sobre el uso de la energ\u00eda y la conservaci\u00f3n del agua, al mismo tiempo que inspiran acciones significativas en el mundo real. <\/p>\t\t\t\t\t\t\t\t<\/div>\n\t\t\t\t<\/div>\n\t\t\t\t<div class=\"elementor-element elementor-element-1203fff elementor-widget elementor-widget-text-editor\" data-id=\"1203fff\" data-element_type=\"widget\" data-widget_type=\"text-editor.default\">\n\t\t\t\t<div class=\"elementor-widget-container\">\n\t\t\t\t\t\t\t\t\t<p><span style=\"font-weight: 400;\">Videos y lecciones adicionales disponibles a trav\u00e9s de PBS y PBS LearningMedia ofrecen opciones flexibles para que docentes de nivel K\u201312 integren temas de sostenibilidad en sus clases y preparen a los estudiantes para convertirse en cuidadores responsables de los recursos que compartimos.<\/span><\/p>\t\t\t\t\t\t\t\t<\/div>\n\t\t\t\t<\/div>\n\t\t\t\t<\/div>\n\t\t<div class=\"elementor-element elementor-element-aac4168 e-con-full e-flex elementor-invisible e-con e-child\" data-id=\"aac4168\" data-element_type=\"container\" data-settings=\"{&quot;background_background&quot;:&quot;classic&quot;,&quot;animation&quot;:&quot;fadeInRight&quot;,&quot;animation_mobile&quot;:&quot;none&quot;}\">\n\t\t\t\t<\/div>\n\t\t\t\t\t<\/div>\n\t\t\t\t<\/div>\n\t\t<div class=\"elementor-element elementor-element-4b88a3d e-flex e-con-boxed e-con e-parent\" data-id=\"4b88a3d\" data-element_type=\"container\">\n\t\t\t\t\t<div class=\"e-con-inner\">\n\t\t<div class=\"elementor-element elementor-element-fb92dc1 e-con-full e-flex e-con e-child\" data-id=\"fb92dc1\" data-element_type=\"container\">\n\t\t\t\t<div class=\"elementor-element elementor-element-159b793 elementor-widget elementor-widget-heading\" data-id=\"159b793\" data-element_type=\"widget\" data-widget_type=\"heading.default\">\n\t\t\t\t<div class=\"elementor-widget-container\">\n\t\t\t\t\t<h2 class=\"elementor-heading-title elementor-size-default\">Thirst For Power<\/h2>\t\t\t\t<\/div>\n\t\t\t\t<\/div>\n\t\t<div class=\"elementor-element elementor-element-89e0ba7 e-con-full e-flex e-con e-child\" data-id=\"89e0ba7\" data-element_type=\"container\">\n\t\t<div class=\"elementor-element elementor-element-a63eb50 e-con-full e-flex elementor-invisible e-con e-child\" data-id=\"a63eb50\" data-element_type=\"container\" data-settings=\"{&quot;animation&quot;:&quot;fadeInLeft&quot;,&quot;animation_mobile&quot;:&quot;none&quot;}\">\n\t\t\t\t<div class=\"elementor-element elementor-element-c12ecf2 elementor-widget elementor-widget-image\" data-id=\"c12ecf2\" data-element_type=\"widget\" data-widget_type=\"image.default\">\n\t\t\t\t<div class=\"elementor-widget-container\">\n\t\t\t\t\t\t\t\t\t\t\t\t\t\t\t<img fetchpriority=\"high\" decoding=\"async\" width=\"768\" height=\"768\" src=\"https:\/\/resourcefulness.org\/wp-content\/uploads\/2025\/10\/T4P-Collection-Thumbnail-copy-768x768.webp\" class=\"attachment-medium_large size-medium_large wp-image-5369\" alt=\"\" srcset=\"https:\/\/resourcefulness.org\/wp-content\/uploads\/2025\/10\/T4P-Collection-Thumbnail-copy-768x768.webp 768w, https:\/\/resourcefulness.org\/wp-content\/uploads\/2025\/10\/T4P-Collection-Thumbnail-copy-300x300.webp 300w, https:\/\/resourcefulness.org\/wp-content\/uploads\/2025\/10\/T4P-Collection-Thumbnail-copy-1024x1024.webp 1024w, https:\/\/resourcefulness.org\/wp-content\/uploads\/2025\/10\/T4P-Collection-Thumbnail-copy-150x150.webp 150w, https:\/\/resourcefulness.org\/wp-content\/uploads\/2025\/10\/T4P-Collection-Thumbnail-copy.webp 1080w\" sizes=\"(max-width: 768px) 100vw, 768px\" \/>\t\t\t\t\t\t\t\t\t\t\t\t\t\t\t<\/div>\n\t\t\t\t<\/div>\n\t\t\t\t<\/div>\n\t\t<div class=\"elementor-element elementor-element-dc95541 e-con-full e-flex elementor-invisible e-con e-child\" data-id=\"dc95541\" data-element_type=\"container\" data-settings=\"{&quot;animation&quot;:&quot;fadeInRight&quot;,&quot;animation_mobile&quot;:&quot;none&quot;}\">\n\t\t\t\t<div class=\"elementor-element elementor-element-ffd4ab7 elementor-widget elementor-widget-text-editor\" data-id=\"ffd4ab7\" data-element_type=\"widget\" data-widget_type=\"text-editor.default\">\n\t\t\t\t<div class=\"elementor-widget-container\">\n\t\t\t\t\t\t\t\t\t<p><em><a href=\"https:\/\/thirstforpower.com\">Thirst for Power<\/a><\/em> es un documental de una hora basado en el libro de 2016 del Dr. Michael E. Webber, <em><a href=\"https:\/\/www.amazon.com\/Thirst-Power-Energy-Water-Survival\/dp\/0300212461\/ref=tmm_hrd_swatch_0\">Thirst for Power: Energy, Water, and Human Survival<\/a><\/em>. Explora la compleja interdependencia entre los sistemas de agua y energ\u00eda \u2014conocida como el nexo energ\u00eda\u2013agua\u2014 y destaca tanto el contexto hist\u00f3rico como las vulnerabilidades actuales en la forma en que dependemos de estos recursos cr\u00edticos. <\/p><p>Esta pel\u00edcula va m\u00e1s all\u00e1 de un documental tradicional; tambi\u00e9n funciona como una herramienta educativa que: <\/p><ul><li>Presenta el nexo energ\u00eda\u2013agua a partir de ejemplos hist\u00f3ricos y contempor\u00e1neos s\u00f3lidos.<\/li><li>Hace accesible y din\u00e1mica la comprensi\u00f3n de sistemas complejos.<\/li><li>Muestra una amplia variedad de carreras dentro de la industria de la energ\u00eda y el agua.<\/li><\/ul>\t\t\t\t\t\t\t\t<\/div>\n\t\t\t\t<\/div>\n\t\t\t\t<div class=\"elementor-element elementor-element-b26bfd0 elementor-widget elementor-widget-text-editor\" data-id=\"b26bfd0\" data-element_type=\"widget\" data-widget_type=\"text-editor.default\">\n\t\t\t\t<div class=\"elementor-widget-container\">\n\t\t\t\t\t\t\t\t\t<p><em>Thirst for Power<\/em> en PBS LearningMedia ofrece una selecci\u00f3n curada de materiales dise\u00f1ados para que docentes y estudiantes exploren la compleja relaci\u00f3n entre el agua y la energ\u00eda. Estos recursos, que incluyen desde videos atractivos hasta lecciones alineadas a est\u00e1ndares, brindan m\u00faltiples formas de acercarse y comprender el nexo energ\u00eda\u2013agua tanto en contextos hist\u00f3ricos como actuales. <\/p>\t\t\t\t\t\t\t\t<\/div>\n\t\t\t\t<\/div>\n\t\t\t\t<\/div>\n\t\t\t\t<\/div>\n\t\t<div class=\"elementor-element elementor-element-0ce71ac e-con-full e-flex e-con e-child\" data-id=\"0ce71ac\" data-element_type=\"container\">\n\t\t\t\t<div class=\"elementor-element elementor-element-07472c4 elementor-widget elementor-widget-button\" data-id=\"07472c4\" data-element_type=\"widget\" data-widget_type=\"button.default\">\n\t\t\t\t<div class=\"elementor-widget-container\">\n\t\t\t\t\t\t\t\t\t<div class=\"elementor-button-wrapper\">\n\t\t\t\t\t<a class=\"elementor-button elementor-button-link elementor-size-sm\" href=\"https:\/\/thirstforpower.com\/\" target=\"_blank\">\n\t\t\t\t\t\t<span class=\"elementor-button-content-wrapper\">\n\t\t\t\t\t\t<span class=\"elementor-button-icon\">\n\t\t\t\t<i aria-hidden=\"true\" class=\"fas fa-external-link-alt\"><\/i>\t\t\t<\/span>\n\t\t\t\t\t\t\t\t\t<span class=\"elementor-button-text\">Sitio web de Thirst For Power<\/span>\n\t\t\t\t\t<\/span>\n\t\t\t\t\t<\/a>\n\t\t\t\t<\/div>\n\t\t\t\t\t\t\t\t<\/div>\n\t\t\t\t<\/div>\n\t\t\t\t<div class=\"elementor-element elementor-element-0a007da elementor-widget elementor-widget-button\" data-id=\"0a007da\" data-element_type=\"widget\" data-widget_type=\"button.default\">\n\t\t\t\t<div class=\"elementor-widget-container\">\n\t\t\t\t\t\t\t\t\t<div class=\"elementor-button-wrapper\">\n\t\t\t\t\t<a class=\"elementor-button elementor-button-link elementor-size-sm\" href=\"https:\/\/www.pbs.org\/show\/thirst-for-power\/\" target=\"_blank\" rel=\"nofollow\">\n\t\t\t\t\t\t<span class=\"elementor-button-content-wrapper\">\n\t\t\t\t\t\t<span class=\"elementor-button-icon\">\n\t\t\t\t<i aria-hidden=\"true\" class=\"fas fa-external-link-alt\"><\/i>\t\t\t<\/span>\n\t\t\t\t\t\t\t\t\t<span class=\"elementor-button-text\">Thirst For Power en PBS.org<\/span>\n\t\t\t\t\t<\/span>\n\t\t\t\t\t<\/a>\n\t\t\t\t<\/div>\n\t\t\t\t\t\t\t\t<\/div>\n\t\t\t\t<\/div>\n\t\t\t\t<div class=\"elementor-element elementor-element-19d84aa elementor-widget elementor-widget-button\" data-id=\"19d84aa\" data-element_type=\"widget\" data-widget_type=\"button.default\">\n\t\t\t\t<div class=\"elementor-widget-container\">\n\t\t\t\t\t\t\t\t\t<div class=\"elementor-button-wrapper\">\n\t\t\t\t\t<a class=\"elementor-button elementor-button-link elementor-size-sm\" href=\"https:\/\/klru.pbslearningmedia.org\/collection\/thirst-for-power\/\" target=\"_blank\" rel=\"nofollow\">\n\t\t\t\t\t\t<span class=\"elementor-button-content-wrapper\">\n\t\t\t\t\t\t<span class=\"elementor-button-icon\">\n\t\t\t\t<i aria-hidden=\"true\" class=\"fas fa-external-link-alt\"><\/i>\t\t\t<\/span>\n\t\t\t\t\t\t\t\t\t<span class=\"elementor-button-text\">Thirst for Power en PBS LearningMedia<\/span>\n\t\t\t\t\t<\/span>\n\t\t\t\t\t<\/a>\n\t\t\t\t<\/div>\n\t\t\t\t\t\t\t\t<\/div>\n\t\t\t\t<\/div>\n\t\t\t\t<\/div>\n\t\t\t\t<\/div>\n\t\t\t\t\t<\/div>\n\t\t\t\t<\/div>\n\t\t<div class=\"elementor-element elementor-element-346b41d e-flex e-con-boxed e-con e-parent\" data-id=\"346b41d\" data-element_type=\"container\">\n\t\t\t\t\t<div class=\"e-con-inner\">\n\t\t<div class=\"elementor-element elementor-element-e35586d e-con-full e-flex e-con e-child\" data-id=\"e35586d\" data-element_type=\"container\">\n\t\t\t\t<div class=\"elementor-element elementor-element-ed32337 elementor-widget elementor-widget-heading\" data-id=\"ed32337\" data-element_type=\"widget\" data-widget_type=\"heading.default\">\n\t\t\t\t<div class=\"elementor-widget-container\">\n\t\t\t\t\t<h2 class=\"elementor-heading-title elementor-size-default\">Power Trip: The Story of Energy<\/h2>\t\t\t\t<\/div>\n\t\t\t\t<\/div>\n\t\t<div class=\"elementor-element elementor-element-b43baf7 e-con-full e-flex e-con e-child\" data-id=\"b43baf7\" data-element_type=\"container\">\n\t\t<div class=\"elementor-element elementor-element-e0ac7f4 e-con-full e-flex elementor-invisible e-con e-child\" data-id=\"e0ac7f4\" data-element_type=\"container\" data-settings=\"{&quot;animation&quot;:&quot;fadeInLeft&quot;,&quot;animation_mobile&quot;:&quot;none&quot;}\">\n\t\t\t\t<div class=\"elementor-element elementor-element-6828c7f elementor-widget elementor-widget-text-editor\" data-id=\"6828c7f\" data-element_type=\"widget\" data-widget_type=\"text-editor.default\">\n\t\t\t\t<div class=\"elementor-widget-container\">\n\t\t\t\t\t\t\t\t\t<p>La historia del surgimiento y la ca\u00edda de las sociedades puede entenderse a trav\u00e9s de la historia de la energ\u00eda. La energ\u00eda es la fuerza esencial que impulsa los sistemas de nuestro mundo moderno, aunque muchas veces pasa desapercibida, oculta a simple vista. <em><a href=\"https:\/\/powertripshow.com\" target=\"_blank\" rel=\"noopener\">Power Trip: The Story of Energy<\/a><\/em> explora el recurso m\u00e1s importante de la humanidad al mostrar la energ\u00eda presente en nuestra agua, alimentos, riqueza, ciudades, transporte y conflictos. <\/p><p><em>Power Trip<\/em> analiza c\u00f3mo la energ\u00eda ha transformado a las sociedades del pasado y ofrece valiosas lecciones frente a la crisis energ\u00e9tica que se avecina. Como ha ocurrido hist\u00f3ricamente, cada innovaci\u00f3n energ\u00e9tica conlleva compromisos y consecuencias. Los avances en energ\u00eda siempre tienen costos, algunos de los cuales no se hacen visibles sino hasta muchos a\u00f1os o incluso siglos despu\u00e9s. Por ello, las iniciativas energ\u00e9ticas deben adaptarse a las necesidades de cada sociedad y enfocarse en soluciones de largo plazo. La crisis energ\u00e9tica actual es real, pero tiene soluci\u00f3n. Tenemos la capacidad de enfrentarla.      <\/p><p><em>Power Trip: The Story of Energy<\/em> en <a href=\"https:\/\/pbslearningmedia.org\/collection\/power-trip\" target=\"_blank\" rel=\"noopener\">PBS LearningMedia<\/a> es una colecci\u00f3n educativa de v\u00eddeos basada en la serie de PBS que explora c\u00f3mo la energ\u00eda impulsa la civilizaci\u00f3n, desde el transporte y las ciudades hasta el comercio global y la cultura popular. Estos recursos ofrecen a docentes y estudiantes videos din\u00e1micos, preguntas de discusi\u00f3n y materiales listos para el aula que hacen m\u00e1s accesibles los conceptos complejos de energ\u00eda y los vinculan con desaf\u00edos del mundo real. <\/p>\t\t\t\t\t\t\t\t<\/div>\n\t\t\t\t<\/div>\n\t\t\t\t<\/div>\n\t\t<div class=\"elementor-element elementor-element-780b79d e-con-full e-flex elementor-invisible e-con e-child\" data-id=\"780b79d\" data-element_type=\"container\" data-settings=\"{&quot;animation&quot;:&quot;fadeInRight&quot;,&quot;animation_mobile&quot;:&quot;none&quot;}\">\n\t\t\t\t<div class=\"elementor-element elementor-element-353df3b elementor-widget elementor-widget-image\" data-id=\"353df3b\" data-element_type=\"widget\" data-widget_type=\"image.default\">\n\t\t\t\t<div class=\"elementor-widget-container\">\n\t\t\t\t\t\t\t\t\t\t\t\t\t\t\t<img decoding=\"async\" width=\"500\" height=\"500\" src=\"https:\/\/resourcefulness.org\/wp-content\/uploads\/2025\/10\/Power-Trip-S2-Collection-Feature-Image.jpg\" class=\"attachment-medium_large size-medium_large wp-image-5364\" alt=\"\" srcset=\"https:\/\/resourcefulness.org\/wp-content\/uploads\/2025\/10\/Power-Trip-S2-Collection-Feature-Image.jpg 500w, https:\/\/resourcefulness.org\/wp-content\/uploads\/2025\/10\/Power-Trip-S2-Collection-Feature-Image-300x300.jpg 300w, https:\/\/resourcefulness.org\/wp-content\/uploads\/2025\/10\/Power-Trip-S2-Collection-Feature-Image-150x150.jpg 150w\" sizes=\"(max-width: 500px) 100vw, 500px\" \/>\t\t\t\t\t\t\t\t\t\t\t\t\t\t\t<\/div>\n\t\t\t\t<\/div>\n\t\t\t\t<\/div>\n\t\t\t\t<\/div>\n\t\t\t\t<\/div>\n\t\t<div class=\"elementor-element elementor-element-9fe3bc3 e-con-full e-flex e-con e-child\" data-id=\"9fe3bc3\" data-element_type=\"container\">\n\t\t\t\t<div class=\"elementor-element elementor-element-e7f9b41 elementor-widget elementor-widget-button\" data-id=\"e7f9b41\" data-element_type=\"widget\" data-widget_type=\"button.default\">\n\t\t\t\t<div class=\"elementor-widget-container\">\n\t\t\t\t\t\t\t\t\t<div class=\"elementor-button-wrapper\">\n\t\t\t\t\t<a class=\"elementor-button elementor-button-link elementor-size-sm\" href=\"https:\/\/powertripshow.com\" target=\"_blank\">\n\t\t\t\t\t\t<span class=\"elementor-button-content-wrapper\">\n\t\t\t\t\t\t<span class=\"elementor-button-icon\">\n\t\t\t\t<i aria-hidden=\"true\" class=\"fas fa-external-link-alt\"><\/i>\t\t\t<\/span>\n\t\t\t\t\t\t\t\t\t<span class=\"elementor-button-text\">Sitio web de Power Trip<\/span>\n\t\t\t\t\t<\/span>\n\t\t\t\t\t<\/a>\n\t\t\t\t<\/div>\n\t\t\t\t\t\t\t\t<\/div>\n\t\t\t\t<\/div>\n\t\t\t\t<div class=\"elementor-element elementor-element-6a04cfc elementor-widget elementor-widget-button\" data-id=\"6a04cfc\" data-element_type=\"widget\" data-widget_type=\"button.default\">\n\t\t\t\t<div class=\"elementor-widget-container\">\n\t\t\t\t\t\t\t\t\t<div class=\"elementor-button-wrapper\">\n\t\t\t\t\t<a class=\"elementor-button elementor-button-link elementor-size-sm\" href=\"https:\/\/www.pbs.org\/show\/power-trip-story-energy\/\" target=\"_blank\" rel=\"nofollow\">\n\t\t\t\t\t\t<span class=\"elementor-button-content-wrapper\">\n\t\t\t\t\t\t<span class=\"elementor-button-icon\">\n\t\t\t\t<i aria-hidden=\"true\" class=\"fas fa-external-link-alt\"><\/i>\t\t\t<\/span>\n\t\t\t\t\t\t\t\t\t<span class=\"elementor-button-text\">Power Trip en PBS.org<\/span>\n\t\t\t\t\t<\/span>\n\t\t\t\t\t<\/a>\n\t\t\t\t<\/div>\n\t\t\t\t\t\t\t\t<\/div>\n\t\t\t\t<\/div>\n\t\t\t\t<div class=\"elementor-element elementor-element-b0b75ed elementor-widget elementor-widget-button\" data-id=\"b0b75ed\" data-element_type=\"widget\" data-widget_type=\"button.default\">\n\t\t\t\t<div class=\"elementor-widget-container\">\n\t\t\t\t\t\t\t\t\t<div class=\"elementor-button-wrapper\">\n\t\t\t\t\t<a class=\"elementor-button elementor-button-link elementor-size-sm\" href=\"https:\/\/klru.pbslearningmedia.org\/collection\/power-trip\/\" target=\"_blank\" rel=\"nofollow\">\n\t\t\t\t\t\t<span class=\"elementor-button-content-wrapper\">\n\t\t\t\t\t\t<span class=\"elementor-button-icon\">\n\t\t\t\t<i aria-hidden=\"true\" class=\"fas fa-external-link-alt\"><\/i>\t\t\t<\/span>\n\t\t\t\t\t\t\t\t\t<span class=\"elementor-button-text\">Power trip en PBS LearningMedia<\/span>\n\t\t\t\t\t<\/span>\n\t\t\t\t\t<\/a>\n\t\t\t\t<\/div>\n\t\t\t\t\t\t\t\t<\/div>\n\t\t\t\t<\/div>\n\t\t\t\t<\/div>\n\t\t\t\t\t<\/div>\n\t\t\t\t<\/div>\n\t\t<div class=\"elementor-element elementor-element-d554973 e-flex e-con-boxed e-con e-parent\" data-id=\"d554973\" data-element_type=\"container\">\n\t\t\t\t\t<div class=\"e-con-inner\">\n\t\t<div class=\"elementor-element elementor-element-9eac7b7 e-con-full e-flex e-con e-child\" data-id=\"9eac7b7\" data-element_type=\"container\">\n\t\t\t\t<div class=\"elementor-element elementor-element-283f562 elementor-widget elementor-widget-heading\" data-id=\"283f562\" data-element_type=\"widget\" data-widget_type=\"heading.default\">\n\t\t\t\t<div class=\"elementor-widget-container\">\n\t\t\t\t\t<h2 class=\"elementor-heading-title elementor-size-default\">Minecraft education: energ\u00eda renovable<\/h2>\t\t\t\t<\/div>\n\t\t\t\t<\/div>\n\t\t<div class=\"elementor-element elementor-element-ff45dd1 e-con-full e-flex e-con e-child\" data-id=\"ff45dd1\" data-element_type=\"container\">\n\t\t<div class=\"elementor-element elementor-element-26804cf e-con-full e-flex elementor-invisible e-con e-child\" data-id=\"26804cf\" data-element_type=\"container\" data-settings=\"{&quot;animation&quot;:&quot;fadeInLeft&quot;,&quot;animation_mobile&quot;:&quot;none&quot;}\">\n\t\t\t\t<div class=\"elementor-element elementor-element-644b5d0 elementor-widget elementor-widget-image\" data-id=\"644b5d0\" data-element_type=\"widget\" data-widget_type=\"image.default\">\n\t\t\t\t<div class=\"elementor-widget-container\">\n\t\t\t\t\t\t\t\t\t\t\t\t\t\t\t<img decoding=\"async\" width=\"768\" height=\"480\" src=\"https:\/\/resourcefulness.org\/wp-content\/uploads\/2025\/10\/2025-REV-Itron-Renewable-Energy-Game-Minecraft-Education-10.2025-768x480.jpeg\" class=\"attachment-medium_large size-medium_large wp-image-5373\" alt=\"\" srcset=\"https:\/\/resourcefulness.org\/wp-content\/uploads\/2025\/10\/2025-REV-Itron-Renewable-Energy-Game-Minecraft-Education-10.2025-768x480.jpeg 768w, https:\/\/resourcefulness.org\/wp-content\/uploads\/2025\/10\/2025-REV-Itron-Renewable-Energy-Game-Minecraft-Education-10.2025-300x188.jpeg 300w, https:\/\/resourcefulness.org\/wp-content\/uploads\/2025\/10\/2025-REV-Itron-Renewable-Energy-Game-Minecraft-Education-10.2025-1024x640.jpeg 1024w, https:\/\/resourcefulness.org\/wp-content\/uploads\/2025\/10\/2025-REV-Itron-Renewable-Energy-Game-Minecraft-Education-10.2025-1536x960.jpeg 1536w, https:\/\/resourcefulness.org\/wp-content\/uploads\/2025\/10\/2025-REV-Itron-Renewable-Energy-Game-Minecraft-Education-10.2025-2048x1280.jpeg 2048w\" sizes=\"(max-width: 768px) 100vw, 768px\" \/>\t\t\t\t\t\t\t\t\t\t\t\t\t\t\t<\/div>\n\t\t\t\t<\/div>\n\t\t\t\t<\/div>\n\t\t<div class=\"elementor-element elementor-element-76ca02c e-con-full e-flex elementor-invisible e-con e-child\" data-id=\"76ca02c\" data-element_type=\"container\" data-settings=\"{&quot;animation&quot;:&quot;fadeInRight&quot;,&quot;animation_mobile&quot;:&quot;none&quot;}\">\n\t\t\t\t<div class=\"elementor-element elementor-element-e7c0019 elementor-widget elementor-widget-text-editor\" data-id=\"e7c0019\" data-element_type=\"widget\" data-widget_type=\"text-editor.default\">\n\t\t\t\t<div class=\"elementor-widget-container\">\n\t\t\t\t\t\t\t\t\t<p>D\u00e9 vida a la energ\u00eda renovable con Minecraft Education. En esta lecci\u00f3n interactiva, los estudiantes dise\u00f1an y construyen viviendas sostenibles en distintos biomas, explorando c\u00f3mo funcionan la energ\u00eda solar, la energ\u00eda e\u00f3lica y otras tecnolog\u00edas limpias en diferentes entornos. Desarrollado en colaboraci\u00f3n con Itron, Inc., el mundo de Energ\u00eda Renovable es una forma din\u00e1mica de integrar conceptos de STEM con la resoluci\u00f3n de problemas, la creatividad y aplicaciones del mundo real.<\/p>\t\t\t\t\t\t\t\t<\/div>\n\t\t\t\t<\/div>\n\t\t\t\t<\/div>\n\t\t\t\t<\/div>\n\t\t\t\t<\/div>\n\t\t\t\t<div class=\"elementor-element elementor-element-255faa7 elementor-widget elementor-widget-button\" data-id=\"255faa7\" data-element_type=\"widget\" data-widget_type=\"button.default\">\n\t\t\t\t<div class=\"elementor-widget-container\">\n\t\t\t\t\t\t\t\t\t<div class=\"elementor-button-wrapper\">\n\t\t\t\t\t<a class=\"elementor-button elementor-button-link elementor-size-sm\" href=\"https:\/\/education.minecraft.net\/en-us\/lessons\/renewable-energy\" target=\"_blank\" rel=\"nofollow\">\n\t\t\t\t\t\t<span class=\"elementor-button-content-wrapper\">\n\t\t\t\t\t\t<span class=\"elementor-button-icon\">\n\t\t\t\t<i aria-hidden=\"true\" class=\"fas fa-external-link-alt\"><\/i>\t\t\t<\/span>\n\t\t\t\t\t\t\t\t\t<span class=\"elementor-button-text\">\u201cEnerg\u00eda renovable\u201d en Minecraft Education<\/span>\n\t\t\t\t\t<\/span>\n\t\t\t\t\t<\/a>\n\t\t\t\t<\/div>\n\t\t\t\t\t\t\t\t<\/div>\n\t\t\t\t<\/div>\n\t\t\t\t\t<\/div>\n\t\t\t\t<\/div>\n\t\t\t\t<\/div>\n\t\t","protected":false},"excerpt":{"rendered":"<p>Recursos de aprendizaje Estos recursos educativos refuerzan la misi\u00f3n de Resourcefulness al ayudar a los estudiantes a explorar la relaci\u00f3n fundamental entre la energ\u00eda y el agua, y a comprender c\u00f3mo la conservaci\u00f3n y la sostenibilidad impactan nuestra vida diaria. Estos materiales incluyen lecciones alineadas a los est\u00e1ndares educativos de Texas, actividades para el aula [&hellip;]<\/p>\n","protected":false},"author":1,"featured_media":0,"parent":0,"menu_order":0,"comment_status":"closed","ping_status":"closed","template":"","meta":{"inline_featured_image":false,"footnotes":""},"class_list":["post-5375","page","type-page","status-publish","hentry"],"_links":{"self":[{"href":"https:\/\/resourcefulness.org\/es\/wp-json\/wp\/v2\/pages\/5375","targetHints":{"allow":["GET"]}}],"collection":[{"href":"https:\/\/resourcefulness.org\/es\/wp-json\/wp\/v2\/pages"}],"about":[{"href":"https:\/\/resourcefulness.org\/es\/wp-json\/wp\/v2\/types\/page"}],"author":[{"embeddable":true,"href":"https:\/\/resourcefulness.org\/es\/wp-json\/wp\/v2\/users\/1"}],"replies":[{"embeddable":true,"href":"https:\/\/resourcefulness.org\/es\/wp-json\/wp\/v2\/comments?post=5375"}],"version-history":[{"count":0,"href":"https:\/\/resourcefulness.org\/es\/wp-json\/wp\/v2\/pages\/5375\/revisions"}],"wp:attachment":[{"href":"https:\/\/resourcefulness.org\/es\/wp-json\/wp\/v2\/media?parent=5375"}],"curies":[{"name":"wp","href":"https:\/\/api.w.org\/{rel}","templated":true}]}}