{"id":5174,"date":"2025-09-26T15:15:41","date_gmt":"2025-09-26T20:15:41","guid":{"rendered":"https:\/\/resourcefulness.org\/preguntas-frecuentes\/"},"modified":"2026-01-20T16:54:43","modified_gmt":"2026-01-20T22:54:43","slug":"preguntas-frecuentes","status":"publish","type":"page","link":"https:\/\/resourcefulness.org\/es\/preguntas-frecuentes\/","title":{"rendered":"Preguntas frecuentes"},"content":{"rendered":"\t\t<div data-elementor-type=\"wp-page\" data-elementor-id=\"5174\" class=\"elementor elementor-5174 elementor-5172\" data-elementor-post-type=\"page\">\n\t\t\t\t<div class=\"elementor-element elementor-element-cc08ca1 e-flex e-con-boxed e-con e-parent\" data-id=\"cc08ca1\" data-element_type=\"container\">\n\t\t\t\t\t<div class=\"e-con-inner\">\n\t\t<div class=\"elementor-element elementor-element-3e817c0 e-con-full elementor-hidden-mobile e-flex elementor-invisible e-con e-child\" data-id=\"3e817c0\" data-element_type=\"container\" data-settings=\"{&quot;animation&quot;:&quot;fadeInLeft&quot;}\">\n\t\t\t\t<div class=\"elementor-element elementor-element-b0e9881 elementor-widget elementor-widget-image\" data-id=\"b0e9881\" data-element_type=\"widget\" data-widget_type=\"image.default\">\n\t\t\t\t<div class=\"elementor-widget-container\">\n\t\t\t\t\t\t\t\t\t\t\t\t\t\t\t<img fetchpriority=\"high\" decoding=\"async\" width=\"800\" height=\"994\" src=\"https:\/\/resourcefulness.org\/wp-content\/uploads\/2025\/09\/AdobeStock_724498687-824x1024.jpeg\" class=\"attachment-large size-large wp-image-5102\" alt=\"\" srcset=\"https:\/\/resourcefulness.org\/wp-content\/uploads\/2025\/09\/AdobeStock_724498687-824x1024.jpeg 824w, https:\/\/resourcefulness.org\/wp-content\/uploads\/2025\/09\/AdobeStock_724498687-241x300.jpeg 241w, https:\/\/resourcefulness.org\/wp-content\/uploads\/2025\/09\/AdobeStock_724498687-768x955.jpeg 768w, https:\/\/resourcefulness.org\/wp-content\/uploads\/2025\/09\/AdobeStock_724498687-1235x1536.jpeg 1235w, https:\/\/resourcefulness.org\/wp-content\/uploads\/2025\/09\/AdobeStock_724498687-1647x2048.jpeg 1647w\" sizes=\"(max-width: 800px) 100vw, 800px\" \/>\t\t\t\t\t\t\t\t\t\t\t\t\t\t\t<\/div>\n\t\t\t\t<\/div>\n\t\t\t\t<\/div>\n\t\t<div class=\"elementor-element elementor-element-846f208 e-con-full e-flex elementor-invisible e-con e-child\" data-id=\"846f208\" data-element_type=\"container\" data-settings=\"{&quot;animation&quot;:&quot;fadeInRight&quot;,&quot;animation_mobile&quot;:&quot;none&quot;}\">\n\t\t\t\t<div class=\"elementor-element elementor-element-5862e94 elementor-widget elementor-widget-heading\" data-id=\"5862e94\" data-element_type=\"widget\" data-widget_type=\"heading.default\">\n\t\t\t\t<div class=\"elementor-widget-container\">\n\t\t\t\t\t<h1 class=\"elementor-heading-title elementor-size-default\">Preguntas frecuentes<\/h1>\t\t\t\t<\/div>\n\t\t\t\t<\/div>\n\t\t\t\t<div class=\"elementor-element elementor-element-8614245 elementor-widget elementor-widget-n-accordion\" data-id=\"8614245\" data-element_type=\"widget\" data-settings=\"{&quot;default_state&quot;:&quot;all_collapsed&quot;,&quot;max_items_expended&quot;:&quot;one&quot;,&quot;n_accordion_animation_duration&quot;:{&quot;unit&quot;:&quot;ms&quot;,&quot;size&quot;:400,&quot;sizes&quot;:[]}}\" data-widget_type=\"nested-accordion.default\">\n\t\t\t\t<div class=\"elementor-widget-container\">\n\t\t\t\t\t\t\t<div class=\"e-n-accordion\" aria-label=\"Accordion. Open links with Enter or Space, close with Escape, and navigate with Arrow Keys\">\n\t\t\t\t\t\t<details id=\"e-n-accordion-item-1400\" class=\"e-n-accordion-item\" >\n\t\t\t\t<summary class=\"e-n-accordion-item-title\" data-accordion-index=\"1\" tabindex=\"0\" aria-expanded=\"false\" aria-controls=\"e-n-accordion-item-1400\" >\n\t\t\t\t\t<span class='e-n-accordion-item-title-header'><div class=\"e-n-accordion-item-title-text\"> \u00bfQui\u00e9n desarroll\u00f3 Resourcefulness? <\/div><\/span>\n\t\t\t\t\t\t\t<span class='e-n-accordion-item-title-icon'>\n\t\t\t<span class='e-opened' ><i aria-hidden=\"true\" class=\"fas fa-minus\"><\/i><\/span>\n\t\t\t<span class='e-closed'><i aria-hidden=\"true\" class=\"fas fa-plus\"><\/i><\/span>\n\t\t<\/span>\n\n\t\t\t\t\t\t<\/summary>\n\t\t\t\t<div role=\"region\" aria-labelledby=\"e-n-accordion-item-1400\" class=\"elementor-element elementor-element-5a36c03 e-con-full e-flex e-con e-child\" data-id=\"5a36c03\" data-element_type=\"container\">\n\t\t\t\t<div class=\"elementor-element elementor-element-4f7e9ef elementor-widget elementor-widget-text-editor\" data-id=\"4f7e9ef\" data-element_type=\"widget\" data-widget_type=\"text-editor.default\">\n\t\t\t\t<div class=\"elementor-widget-container\">\n\t\t\t\t\t\t\t\t\t<p>El plan de estudios y el curso fueron desarrollados por el Dr. Michael E. Webber, y la insignia digital es administrada y gestionada por la LBJ School of Public Affairs de la Universidad de Texas en Austin.<\/p>\t\t\t\t\t\t\t\t<\/div>\n\t\t\t\t<\/div>\n\t\t\t\t<\/div>\n\t\t\t\t\t<\/details>\n\t\t\t\t\t\t<details id=\"e-n-accordion-item-1401\" class=\"e-n-accordion-item\" >\n\t\t\t\t<summary class=\"e-n-accordion-item-title\" data-accordion-index=\"2\" tabindex=\"-1\" aria-expanded=\"false\" aria-controls=\"e-n-accordion-item-1401\" >\n\t\t\t\t\t<span class='e-n-accordion-item-title-header'><div class=\"e-n-accordion-item-title-text\"> \u00bfPor qu\u00e9 se cre\u00f3 Resourcefulness? <\/div><\/span>\n\t\t\t\t\t\t\t<span class='e-n-accordion-item-title-icon'>\n\t\t\t<span class='e-opened' ><i aria-hidden=\"true\" class=\"fas fa-minus\"><\/i><\/span>\n\t\t\t<span class='e-closed'><i aria-hidden=\"true\" class=\"fas fa-plus\"><\/i><\/span>\n\t\t<\/span>\n\n\t\t\t\t\t\t<\/summary>\n\t\t\t\t<div role=\"region\" aria-labelledby=\"e-n-accordion-item-1401\" class=\"elementor-element elementor-element-31994ec e-con-full e-flex e-con e-child\" data-id=\"31994ec\" data-element_type=\"container\">\n\t\t\t\t<div class=\"elementor-element elementor-element-d9fb42b elementor-widget elementor-widget-text-editor\" data-id=\"d9fb42b\" data-element_type=\"widget\" data-widget_type=\"text-editor.default\">\n\t\t\t\t<div class=\"elementor-widget-container\">\n\t\t\t\t\t\t\t\t\t<p>Resourcefulness fue desarrollado por el Dr. Michael E. Webber y la Universidad de Texas en Austin, con el apoyo de Itron, Inc., con el objetivo de cumplir dos prop\u00f3sitos principales:<\/p><ol><li>Ofrecer acceso gratuito a lecciones que fortalezcan el conocimiento sobre energ\u00eda y agua.<\/li><li>Contribuir a cerrar la brecha de talento en STEM al preparar a la fuerza laboral del futuro con conocimientos y habilidades clave.<\/li><\/ol>\t\t\t\t\t\t\t\t<\/div>\n\t\t\t\t<\/div>\n\t\t\t\t<\/div>\n\t\t\t\t\t<\/details>\n\t\t\t\t\t\t<details id=\"e-n-accordion-item-1402\" class=\"e-n-accordion-item\" >\n\t\t\t\t<summary class=\"e-n-accordion-item-title\" data-accordion-index=\"3\" tabindex=\"-1\" aria-expanded=\"false\" aria-controls=\"e-n-accordion-item-1402\" >\n\t\t\t\t\t<span class='e-n-accordion-item-title-header'><div class=\"e-n-accordion-item-title-text\"> \u00bfC\u00f3mo se ofrece el curso Resourcefulness y la insignia digital sin costo? <\/div><\/span>\n\t\t\t\t\t\t\t<span class='e-n-accordion-item-title-icon'>\n\t\t\t<span class='e-opened' ><i aria-hidden=\"true\" class=\"fas fa-minus\"><\/i><\/span>\n\t\t\t<span class='e-closed'><i aria-hidden=\"true\" class=\"fas fa-plus\"><\/i><\/span>\n\t\t<\/span>\n\n\t\t\t\t\t\t<\/summary>\n\t\t\t\t<div role=\"region\" aria-labelledby=\"e-n-accordion-item-1402\" class=\"elementor-element elementor-element-58a9cea e-con-full e-flex e-con e-child\" data-id=\"58a9cea\" data-element_type=\"container\">\n\t\t\t\t<div class=\"elementor-element elementor-element-059b9fb elementor-widget elementor-widget-text-editor\" data-id=\"059b9fb\" data-element_type=\"widget\" data-widget_type=\"text-editor.default\">\n\t\t\t\t<div class=\"elementor-widget-container\">\n\t\t\t\t\t\t\t\t\t<p>Resourcefulness es posible gracias al financiamiento y patrocinio de Itron, Inc. Este apoyo permite que la Universidad de Texas en Austin ofrezca un curso de desarrollo profesional de alta calidad de manera totalmente gratuita. <\/p>\t\t\t\t\t\t\t\t<\/div>\n\t\t\t\t<\/div>\n\t\t\t\t<\/div>\n\t\t\t\t\t<\/details>\n\t\t\t\t\t\t<details id=\"e-n-accordion-item-1403\" class=\"e-n-accordion-item\" >\n\t\t\t\t<summary class=\"e-n-accordion-item-title\" data-accordion-index=\"4\" tabindex=\"-1\" aria-expanded=\"false\" aria-controls=\"e-n-accordion-item-1403\" >\n\t\t\t\t\t<span class='e-n-accordion-item-title-header'><div class=\"e-n-accordion-item-title-text\"> \u00bfLa Insignia Digital Resourcefulness est\u00e1 acreditada? <\/div><\/span>\n\t\t\t\t\t\t\t<span class='e-n-accordion-item-title-icon'>\n\t\t\t<span class='e-opened' ><i aria-hidden=\"true\" class=\"fas fa-minus\"><\/i><\/span>\n\t\t\t<span class='e-closed'><i aria-hidden=\"true\" class=\"fas fa-plus\"><\/i><\/span>\n\t\t<\/span>\n\n\t\t\t\t\t\t<\/summary>\n\t\t\t\t<div role=\"region\" aria-labelledby=\"e-n-accordion-item-1403\" class=\"elementor-element elementor-element-3050766 e-con-full e-flex e-con e-child\" data-id=\"3050766\" data-element_type=\"container\">\n\t\t\t\t<div class=\"elementor-element elementor-element-5bd52fc elementor-widget elementor-widget-text-editor\" data-id=\"5bd52fc\" data-element_type=\"widget\" data-widget_type=\"text-editor.default\">\n\t\t\t\t<div class=\"elementor-widget-container\">\n\t\t\t\t\t\t\t\t\t<p>No. La Insignia Digital Resourcefulness no equivale a una acreditaci\u00f3n acad\u00e9mica tradicional. Se trata de una credencial digital verificable, emitida por la Universidad de Texas en Austin, que reconoce la finalizaci\u00f3n de aprendizajes espec\u00edficos y el desarrollo de habilidades. Cada insignia incluye informaci\u00f3n integrada que confirma su autenticidad y puede compartirse de forma profesional para destacar tus logros.  <\/p>\t\t\t\t\t\t\t\t<\/div>\n\t\t\t\t<\/div>\n\t\t\t\t<\/div>\n\t\t\t\t\t<\/details>\n\t\t\t\t\t\t<details id=\"e-n-accordion-item-1404\" class=\"e-n-accordion-item\" >\n\t\t\t\t<summary class=\"e-n-accordion-item-title\" data-accordion-index=\"5\" tabindex=\"-1\" aria-expanded=\"false\" aria-controls=\"e-n-accordion-item-1404\" >\n\t\t\t\t\t<span class='e-n-accordion-item-title-header'><div class=\"e-n-accordion-item-title-text\"> \u00bfC\u00f3mo recibo el comprobante de finalizaci\u00f3n? <\/div><\/span>\n\t\t\t\t\t\t\t<span class='e-n-accordion-item-title-icon'>\n\t\t\t<span class='e-opened' ><i aria-hidden=\"true\" class=\"fas fa-minus\"><\/i><\/span>\n\t\t\t<span class='e-closed'><i aria-hidden=\"true\" class=\"fas fa-plus\"><\/i><\/span>\n\t\t<\/span>\n\n\t\t\t\t\t\t<\/summary>\n\t\t\t\t<div role=\"region\" aria-labelledby=\"e-n-accordion-item-1404\" class=\"elementor-element elementor-element-2648ca6 e-con-full e-flex e-con e-child\" data-id=\"2648ca6\" data-element_type=\"container\">\n\t\t\t\t<div class=\"elementor-element elementor-element-9ad3a9e elementor-widget elementor-widget-text-editor\" data-id=\"9ad3a9e\" data-element_type=\"widget\" data-widget_type=\"text-editor.default\">\n\t\t\t\t<div class=\"elementor-widget-container\">\n\t\t\t\t\t\t\t\t\t<p><span style=\"font-weight: 400;\">Al concluir el curso, las personas participantes recibir\u00e1n un correo electr\u00f3nico en la direcci\u00f3n registrada con el certificado oficial de finalizaci\u00f3n emitido por la Universidad de Texas en Austin, junto con las instrucciones para descargar y mostrar su insignia digital.<\/span><\/p>\t\t\t\t\t\t\t\t<\/div>\n\t\t\t\t<\/div>\n\t\t\t\t<\/div>\n\t\t\t\t\t<\/details>\n\t\t\t\t\t\t<details id=\"e-n-accordion-item-1405\" class=\"e-n-accordion-item\" >\n\t\t\t\t<summary class=\"e-n-accordion-item-title\" data-accordion-index=\"6\" tabindex=\"-1\" aria-expanded=\"false\" aria-controls=\"e-n-accordion-item-1405\" >\n\t\t\t\t\t<span class='e-n-accordion-item-title-header'><div class=\"e-n-accordion-item-title-text\"> \u00bfEstos cursos pueden utilizarse para horas de desarrollo profesional docente? <\/div><\/span>\n\t\t\t\t\t\t\t<span class='e-n-accordion-item-title-icon'>\n\t\t\t<span class='e-opened' ><i aria-hidden=\"true\" class=\"fas fa-minus\"><\/i><\/span>\n\t\t\t<span class='e-closed'><i aria-hidden=\"true\" class=\"fas fa-plus\"><\/i><\/span>\n\t\t<\/span>\n\n\t\t\t\t\t\t<\/summary>\n\t\t\t\t<div role=\"region\" aria-labelledby=\"e-n-accordion-item-1405\" class=\"elementor-element elementor-element-fe3a097 e-con-full e-flex e-con e-child\" data-id=\"fe3a097\" data-element_type=\"container\">\n\t\t\t\t<div class=\"elementor-element elementor-element-a3978d2 elementor-widget elementor-widget-text-editor\" data-id=\"a3978d2\" data-element_type=\"widget\" data-widget_type=\"text-editor.default\">\n\t\t\t\t<div class=\"elementor-widget-container\">\n\t\t\t\t\t\t\t\t\t<p>Al finalizar el curso, las personas participantes recibir\u00e1n un certificado oficial de finalizaci\u00f3n emitido por el programa de Resourcefulness (Webber Energy Group), adem\u00e1s de una insignia digital otorgada por la LBJ School of Public Affairs de la Universidad de Texas en Austin. De acuerdo con los lineamientos del Texas State Board of Public Accountancy, este programa puede contar como 4 horas de Educaci\u00f3n Profesional Continua (CPE). Sin embargo, se recomienda confirmar con el \u00e1rea de Recursos Humanos o la entidad certificadora correspondiente que el certificado sea v\u00e1lido para efectos de desarrollo profesional.  <\/p>\t\t\t\t\t\t\t\t<\/div>\n\t\t\t\t<\/div>\n\t\t\t\t<\/div>\n\t\t\t\t\t<\/details>\n\t\t\t\t\t\t<details id=\"e-n-accordion-item-1406\" class=\"e-n-accordion-item\" >\n\t\t\t\t<summary class=\"e-n-accordion-item-title\" data-accordion-index=\"7\" tabindex=\"-1\" aria-expanded=\"false\" aria-controls=\"e-n-accordion-item-1406\" >\n\t\t\t\t\t<span class='e-n-accordion-item-title-header'><div class=\"e-n-accordion-item-title-text\"> \u00bfPuedo dar seguimiento a la participaci\u00f3n de empleados? <\/div><\/span>\n\t\t\t\t\t\t\t<span class='e-n-accordion-item-title-icon'>\n\t\t\t<span class='e-opened' ><i aria-hidden=\"true\" class=\"fas fa-minus\"><\/i><\/span>\n\t\t\t<span class='e-closed'><i aria-hidden=\"true\" class=\"fas fa-plus\"><\/i><\/span>\n\t\t<\/span>\n\n\t\t\t\t\t\t<\/summary>\n\t\t\t\t<div role=\"region\" aria-labelledby=\"e-n-accordion-item-1406\" class=\"elementor-element elementor-element-9f79e43 e-con-full e-flex e-con e-child\" data-id=\"9f79e43\" data-element_type=\"container\">\n\t\t\t\t<div class=\"elementor-element elementor-element-e7eafd2 elementor-widget elementor-widget-text-editor\" data-id=\"e7eafd2\" data-element_type=\"widget\" data-widget_type=\"text-editor.default\">\n\t\t\t\t<div class=\"elementor-widget-container\">\n\t\t\t\t\t\t\t\t\t<p>Por el momento no es posible. No obstante, cada persona puede dar seguimiento a su propio progreso en el curso a trav\u00e9s de su p\u00e1gina de <a href=\"https:\/\/resourcefulness.org\/es\/profile-2-esp\/\">perfil<\/a>. <\/p>\t\t\t\t\t\t\t\t<\/div>\n\t\t\t\t<\/div>\n\t\t\t\t<\/div>\n\t\t\t\t\t<\/details>\n\t\t\t\t\t\t<details id=\"e-n-accordion-item-1407\" class=\"e-n-accordion-item\" >\n\t\t\t\t<summary class=\"e-n-accordion-item-title\" data-accordion-index=\"8\" tabindex=\"-1\" aria-expanded=\"false\" aria-controls=\"e-n-accordion-item-1407\" >\n\t\t\t\t\t<span class='e-n-accordion-item-title-header'><div class=\"e-n-accordion-item-title-text\"> No puedo iniciar sesi\u00f3n en mi cuenta. \u00bfQu\u00e9 puedo hacer?  <\/div><\/span>\n\t\t\t\t\t\t\t<span class='e-n-accordion-item-title-icon'>\n\t\t\t<span class='e-opened' ><i aria-hidden=\"true\" class=\"fas fa-minus\"><\/i><\/span>\n\t\t\t<span class='e-closed'><i aria-hidden=\"true\" class=\"fas fa-plus\"><\/i><\/span>\n\t\t<\/span>\n\n\t\t\t\t\t\t<\/summary>\n\t\t\t\t<div role=\"region\" aria-labelledby=\"e-n-accordion-item-1407\" class=\"elementor-element elementor-element-212b969 e-con-full e-flex e-con e-child\" data-id=\"212b969\" data-element_type=\"container\">\n\t\t\t\t<div class=\"elementor-element elementor-element-92ed731 elementor-widget elementor-widget-text-editor\" data-id=\"92ed731\" data-element_type=\"widget\" data-widget_type=\"text-editor.default\">\n\t\t\t\t<div class=\"elementor-widget-container\">\n\t\t\t\t\t\t\t\t\t<p>Si tienes problemas para iniciar sesi\u00f3n, verifica que tus datos de acceso est\u00e9n correctos y <a href=\"https:\/\/resourcefulness.org\/es\/password-reset\/\">restablece tu contrase\u00f1a<\/a> si es necesario. Si el problema contin\u00faa, puedes comunicarte con el equipo de soporte de Resourcefulness en support@resourcefulness.org. Los problemas persistentes pueden comunicarse al equipo de soporte de Recursohabilidad en support@resourcefulness.org<\/p>\t\t\t\t\t\t\t\t<\/div>\n\t\t\t\t<\/div>\n\t\t\t\t<\/div>\n\t\t\t\t\t<\/details>\n\t\t\t\t\t\t<details id=\"e-n-accordion-item-1408\" class=\"e-n-accordion-item\" >\n\t\t\t\t<summary class=\"e-n-accordion-item-title\" data-accordion-index=\"9\" tabindex=\"-1\" aria-expanded=\"false\" aria-controls=\"e-n-accordion-item-1408\" >\n\t\t\t\t\t<span class='e-n-accordion-item-title-header'><div class=\"e-n-accordion-item-title-text\"> \u00bfA qui\u00e9n debo contactar si mi certificado de finalizaci\u00f3n o mi insignia digital no aparece o contiene errores? <\/div><\/span>\n\t\t\t\t\t\t\t<span class='e-n-accordion-item-title-icon'>\n\t\t\t<span class='e-opened' ><i aria-hidden=\"true\" class=\"fas fa-minus\"><\/i><\/span>\n\t\t\t<span class='e-closed'><i aria-hidden=\"true\" class=\"fas fa-plus\"><\/i><\/span>\n\t\t<\/span>\n\n\t\t\t\t\t\t<\/summary>\n\t\t\t\t<div role=\"region\" aria-labelledby=\"e-n-accordion-item-1408\" class=\"elementor-element elementor-element-ae4e554 e-con-full e-flex e-con e-child\" data-id=\"ae4e554\" data-element_type=\"container\">\n\t\t\t\t<div class=\"elementor-element elementor-element-8bef3e6 elementor-widget elementor-widget-text-editor\" data-id=\"8bef3e6\" data-element_type=\"widget\" data-widget_type=\"text-editor.default\">\n\t\t\t\t<div class=\"elementor-widget-container\">\n\t\t\t\t\t\t\t\t\t<p>Despu\u00e9s de completar el curso correctamente, si no recibes tu certificado o insignia digital por correo electr\u00f3nico, o si la informaci\u00f3n de alguno de estos es incorrecta:<\/p><ol><li>Verifica que el curso de Resourcefulness se haya completado en su totalidad. Es necesario aprobar todos los cuestionarios de cada lecci\u00f3n y el examen final. <\/li><li>Vuelva a iniciar sesi\u00f3n en la plataforma de aprendizaje e intente localizar el certificado en la p\u00e1gina de <a href=\"https:\/\/resourcefulness.org\/es\/courses\/recursohabilidad\/\">contenidos del curso<\/a> o en su <a href=\"https:\/\/resourcefulness.org\/es\/profile-2-esp\/\">perfil<\/a>.<\/li><li>Confirma que las notificaciones por correo electr\u00f3nico no se hayan enviado a la carpeta de spam o correo no deseado.<\/li><li>Si el problema persiste, comun\u00edcate con el equipo de soporte de Resourcefulness en support@resourcefulness.org.<\/li><\/ol>\t\t\t\t\t\t\t\t<\/div>\n\t\t\t\t<\/div>\n\t\t\t\t<\/div>\n\t\t\t\t\t<\/details>\n\t\t\t\t\t<\/div>\n\t\t\t\t\t\t<\/div>\n\t\t\t\t<\/div>\n\t\t\t\t<div class=\"elementor-element elementor-element-c989599 elementor-align-center elementor-widget elementor-widget-button\" data-id=\"c989599\" data-element_type=\"widget\" data-widget_type=\"button.default\">\n\t\t\t\t<div class=\"elementor-widget-container\">\n\t\t\t\t\t\t\t\t\t<div class=\"elementor-button-wrapper\">\n\t\t\t\t\t<a class=\"elementor-button elementor-button-link elementor-size-sm\" href=\"https:\/\/resourcefulness.org\/register\/\">\n\t\t\t\t\t\t<span class=\"elementor-button-content-wrapper\">\n\t\t\t\t\t\t<span class=\"elementor-button-icon\">\n\t\t\t\t<i aria-hidden=\"true\" class=\"fas fa-sign-in-alt\"><\/i>\t\t\t<\/span>\n\t\t\t\t\t\t\t\t\t<span class=\"elementor-button-text\">Reg\u00edstrese para Resourcefulness<\/span>\n\t\t\t\t\t<\/span>\n\t\t\t\t\t<\/a>\n\t\t\t\t<\/div>\n\t\t\t\t\t\t\t\t<\/div>\n\t\t\t\t<\/div>\n\t\t\t\t<\/div>\n\t\t\t\t\t<\/div>\n\t\t\t\t<\/div>\n\t\t\t\t<\/div>\n\t\t","protected":false},"excerpt":{"rendered":"<p>Preguntas frecuentes \u00bfQui\u00e9n desarroll\u00f3 Resourcefulness? El plan de estudios y el curso fueron desarrollados por el Dr. Michael E. Webber, y la insignia digital es administrada y gestionada por la LBJ School of Public Affairs de la Universidad de Texas en Austin. \u00bfPor qu\u00e9 se cre\u00f3 Resourcefulness? Resourcefulness fue desarrollado por el Dr. Michael E. [&hellip;]<\/p>\n","protected":false},"author":1,"featured_media":0,"parent":0,"menu_order":0,"comment_status":"closed","ping_status":"closed","template":"","meta":{"inline_featured_image":false,"footnotes":""},"class_list":["post-5174","page","type-page","status-publish","hentry"],"_links":{"self":[{"href":"https:\/\/resourcefulness.org\/es\/wp-json\/wp\/v2\/pages\/5174","targetHints":{"allow":["GET"]}}],"collection":[{"href":"https:\/\/resourcefulness.org\/es\/wp-json\/wp\/v2\/pages"}],"about":[{"href":"https:\/\/resourcefulness.org\/es\/wp-json\/wp\/v2\/types\/page"}],"author":[{"embeddable":true,"href":"https:\/\/resourcefulness.org\/es\/wp-json\/wp\/v2\/users\/1"}],"replies":[{"embeddable":true,"href":"https:\/\/resourcefulness.org\/es\/wp-json\/wp\/v2\/comments?post=5174"}],"version-history":[{"count":0,"href":"https:\/\/resourcefulness.org\/es\/wp-json\/wp\/v2\/pages\/5174\/revisions"}],"wp:attachment":[{"href":"https:\/\/resourcefulness.org\/es\/wp-json\/wp\/v2\/media?parent=5174"}],"curies":[{"name":"wp","href":"https:\/\/api.w.org\/{rel}","templated":true}]}}