{"id":5115,"date":"2025-09-18T17:34:27","date_gmt":"2025-09-18T22:34:27","guid":{"rendered":"https:\/\/resourcefulness.org\/insignia-digital\/"},"modified":"2026-01-20T10:41:41","modified_gmt":"2026-01-20T16:41:41","slug":"insignia-digital","status":"publish","type":"page","link":"https:\/\/resourcefulness.org\/es\/insignia-digital\/","title":{"rendered":"Insignia digital"},"content":{"rendered":"\t\t<div data-elementor-type=\"wp-page\" data-elementor-id=\"5115\" class=\"elementor elementor-5115 elementor-5098\" data-elementor-post-type=\"page\">\n\t\t\t\t<div class=\"elementor-element elementor-element-3556a23 e-flex e-con-boxed e-con e-parent\" data-id=\"3556a23\" data-element_type=\"container\">\n\t\t\t\t\t<div class=\"e-con-inner\">\n\t\t\t\t<div class=\"elementor-element elementor-element-d9fa03c elementor-widget elementor-widget-heading\" data-id=\"d9fa03c\" data-element_type=\"widget\" data-widget_type=\"heading.default\">\n\t\t\t\t<div class=\"elementor-widget-container\">\n\t\t\t\t\t<h1 class=\"elementor-heading-title elementor-size-default\">La Insignia Digital Resourcefulness<\/h1>\t\t\t\t<\/div>\n\t\t\t\t<\/div>\n\t\t\t\t<div class=\"elementor-element elementor-element-c189c66 elementor-widget elementor-widget-heading\" data-id=\"c189c66\" data-element_type=\"widget\" data-widget_type=\"heading.default\">\n\t\t\t\t<div class=\"elementor-widget-container\">\n\t\t\t\t\t<h4 class=\"elementor-heading-title elementor-size-default\">La Insignia Digital Resourcefulness de la Universidad de Texas en Austin est\u00e1 dise\u00f1ada para estudiantes y profesionales que desean profundizar sus conocimientos sobre energ\u00eda y agua, y poner ese aprendizaje en pr\u00e1ctica para construir un futuro m\u00e1s sostenible.<\/h4>\t\t\t\t<\/div>\n\t\t\t\t<\/div>\n\t\t<div class=\"elementor-element elementor-element-9b0347b e-con-full e-flex e-con e-child\" data-id=\"9b0347b\" data-element_type=\"container\">\n\t\t<div class=\"elementor-element elementor-element-b87f684 e-con-full elementor-hidden-mobile e-flex elementor-invisible e-con e-child\" data-id=\"b87f684\" data-element_type=\"container\" data-settings=\"{&quot;animation&quot;:&quot;fadeInLeft&quot;}\">\n\t\t\t\t<div class=\"elementor-element elementor-element-82f38ec elementor-widget elementor-widget-image\" data-id=\"82f38ec\" data-element_type=\"widget\" data-widget_type=\"image.default\">\n\t\t\t\t<div class=\"elementor-widget-container\">\n\t\t\t\t\t\t\t\t\t\t\t\t\t\t\t<img fetchpriority=\"high\" decoding=\"async\" width=\"2560\" height=\"1707\" src=\"https:\/\/resourcefulness.org\/wp-content\/uploads\/2025\/09\/AdobeStock_1337343577-scaled-e1758837950137.jpeg\" class=\"attachment-full size-full wp-image-5162\" alt=\"\" \/>\t\t\t\t\t\t\t\t\t\t\t\t\t\t\t<\/div>\n\t\t\t\t<\/div>\n\t\t\t\t<\/div>\n\t\t<div class=\"elementor-element elementor-element-98dd15d e-con-full e-flex elementor-invisible e-con e-child\" data-id=\"98dd15d\" data-element_type=\"container\" data-settings=\"{&quot;animation&quot;:&quot;fadeInRight&quot;,&quot;animation_mobile&quot;:&quot;none&quot;}\">\n\t\t\t\t<div class=\"elementor-element elementor-element-0e07cbb elementor-widget elementor-widget-heading\" data-id=\"0e07cbb\" data-element_type=\"widget\" data-widget_type=\"heading.default\">\n\t\t\t\t<div class=\"elementor-widget-container\">\n\t\t\t\t\t<h2 class=\"elementor-heading-title elementor-size-default\">\u00bfPara qui\u00e9n es una insignia digital?<\/h2>\t\t\t\t<\/div>\n\t\t\t\t<\/div>\n\t\t\t\t<div class=\"elementor-element elementor-element-7168402 elementor-widget elementor-widget-text-editor\" data-id=\"7168402\" data-element_type=\"widget\" data-widget_type=\"text-editor.default\">\n\t\t\t\t<div class=\"elementor-widget-container\">\n\t\t\t\t\t\t\t\t\t<ul><li>Estudiantes que se preparan para carreras en STEM, sostenibilidad o servicio p\u00fablico<\/li><li>Educadores que buscan desarrollo profesional gratuito<\/li><li>Profesionales de los sectores de energ\u00eda, agua, servicios p\u00fablicos o infraestructura<\/li><li>Los responsables de pol\u00edticas p\u00fablicas y l\u00edderes c\u00edvicos que trabajan en el desarrollo de comunidades sostenibles;<\/li><li>Equipos corporativos enfocados en iniciativas de ESG y sostenibilidad;<\/li><li>Personas con inter\u00e9s permanente en el medio ambiente y la innovaci\u00f3n.<\/li><\/ul><p>Al obtener esta credencial, demuestras tu experiencia, ampl\u00edas tu impacto y te posicionas como l\u00edder en la transici\u00f3n hacia un mundo m\u00e1s inteligente y sostenible.<\/p>\t\t\t\t\t\t\t\t<\/div>\n\t\t\t\t<\/div>\n\t\t\t\t<div class=\"elementor-element elementor-element-5ea7738 elementor-align-center elementor-widget elementor-widget-button\" data-id=\"5ea7738\" data-element_type=\"widget\" data-widget_type=\"button.default\">\n\t\t\t\t<div class=\"elementor-widget-container\">\n\t\t\t\t\t\t\t\t\t<div class=\"elementor-button-wrapper\">\n\t\t\t\t\t<a class=\"elementor-button elementor-button-link elementor-size-sm\" href=\"https:\/\/resourcefu2dev.wpenginepowered.com\/es\/registrarse\/\">\n\t\t\t\t\t\t<span class=\"elementor-button-content-wrapper\">\n\t\t\t\t\t\t<span class=\"elementor-button-icon\">\n\t\t\t\t<i aria-hidden=\"true\" class=\"fas fa-sign-in-alt\"><\/i>\t\t\t<\/span>\n\t\t\t\t\t\t\t\t\t<span class=\"elementor-button-text\">Empieza a ganar tu insignia hoy mismo<\/span>\n\t\t\t\t\t<\/span>\n\t\t\t\t\t<\/a>\n\t\t\t\t<\/div>\n\t\t\t\t\t\t\t\t<\/div>\n\t\t\t\t<\/div>\n\t\t\t\t<\/div>\n\t\t\t\t<\/div>\n\t\t<div class=\"elementor-element elementor-element-68b29ac e-con-full e-flex e-con e-child\" data-id=\"68b29ac\" data-element_type=\"container\" data-settings=\"{&quot;animation_mobile&quot;:&quot;none&quot;}\">\n\t\t<div class=\"elementor-element elementor-element-ba4e97e e-con-full e-flex e-con e-child\" data-id=\"ba4e97e\" data-element_type=\"container\">\n\t\t\t\t<div class=\"elementor-element elementor-element-1af228f elementor-widget elementor-widget-heading\" data-id=\"1af228f\" data-element_type=\"widget\" data-widget_type=\"heading.default\">\n\t\t\t\t<div class=\"elementor-widget-container\">\n\t\t\t\t\t<h2 class=\"elementor-heading-title elementor-size-default\">\u00bfQu\u00e9 es una insignia digital?<\/h2>\t\t\t\t<\/div>\n\t\t\t\t<\/div>\n\t\t\t\t<div class=\"elementor-element elementor-element-50d8b73 elementor-widget elementor-widget-text-editor\" data-id=\"50d8b73\" data-element_type=\"widget\" data-widget_type=\"text-editor.default\">\n\t\t\t\t<div class=\"elementor-widget-container\">\n\t\t\t\t\t\t\t\t\t<p>Una insignia digital es una credencial moderna y verificable que demuestra tus habilidades y logros. A diferencia de un certificado en papel, las insignias digitales viven en l\u00ednea, lo que facilita compartirlas, mostrarlas y validarlas. <\/p><ul><li>Todas las insignias de la Universidad de Texas en Austin se emiten a trav\u00e9s de Canvas Credentials (antes Badgr).<\/li><li>Cada insignia incluye metadatos con informaci\u00f3n sobre lo que aprendiste, qui\u00e9n la emiti\u00f3 y los est\u00e1ndares o competencias que representa.<\/li><li>Puedes mostrarla en LinkedIn, en curr\u00edculums digitales, firmas de correo electr\u00f3nico, portafolios electr\u00f3nicos o incluso descargar un certificado imprimible.<\/li><\/ul><p>La Insignia Digital de Resourcefulness certifica que entiendes la conexi\u00f3n entre la energ\u00eda y el agua y que cuentas con las habilidades necesarias para impulsar la conservaci\u00f3n y la sostenibilidad con un impacto tangible.<\/p>\t\t\t\t\t\t\t\t<\/div>\n\t\t\t\t<\/div>\n\t\t\t\t<\/div>\n\t\t<div class=\"elementor-element elementor-element-87f3531 e-con-full e-flex e-con e-child\" data-id=\"87f3531\" data-element_type=\"container\">\n\t\t\t\t<div class=\"elementor-element elementor-element-e063002 elementor-widget elementor-widget-image\" data-id=\"e063002\" data-element_type=\"widget\" data-widget_type=\"image.default\">\n\t\t\t\t<div class=\"elementor-widget-container\">\n\t\t\t\t\t\t\t\t\t\t\t\t\t\t\t<img decoding=\"async\" width=\"300\" height=\"300\" src=\"https:\/\/resourcefulness.org\/wp-content\/uploads\/2025\/08\/badge-300x300.png\" class=\"attachment-medium size-medium wp-image-5094\" alt=\"\" srcset=\"https:\/\/resourcefulness.org\/wp-content\/uploads\/2025\/08\/badge-300x300.png 300w, https:\/\/resourcefulness.org\/wp-content\/uploads\/2025\/08\/badge-150x150.png 150w, https:\/\/resourcefulness.org\/wp-content\/uploads\/2025\/08\/badge.png 410w\" sizes=\"(max-width: 300px) 100vw, 300px\" \/>\t\t\t\t\t\t\t\t\t\t\t\t\t\t\t<\/div>\n\t\t\t\t<\/div>\n\t\t\t\t<\/div>\n\t\t\t\t<\/div>\n\t\t<div class=\"elementor-element elementor-element-dca2234 e-con-full e-flex e-con e-child\" data-id=\"dca2234\" data-element_type=\"container\">\n\t\t<div class=\"elementor-element elementor-element-d904b17 e-con-full elementor-hidden-mobile e-flex elementor-invisible e-con e-child\" data-id=\"d904b17\" data-element_type=\"container\" data-settings=\"{&quot;animation&quot;:&quot;fadeInLeft&quot;}\">\n\t\t\t\t<div class=\"elementor-element elementor-element-75f709c elementor-widget elementor-widget-image\" data-id=\"75f709c\" data-element_type=\"widget\" data-widget_type=\"image.default\">\n\t\t\t\t<div class=\"elementor-widget-container\">\n\t\t\t\t\t\t\t\t\t\t\t\t\t\t\t<img decoding=\"async\" width=\"683\" height=\"1024\" src=\"https:\/\/resourcefulness.org\/wp-content\/uploads\/2025\/09\/AdobeStock_329170365-683x1024.jpeg\" class=\"attachment-large size-large wp-image-5104\" alt=\"\" srcset=\"https:\/\/resourcefulness.org\/wp-content\/uploads\/2025\/09\/AdobeStock_329170365-683x1024.jpeg 683w, https:\/\/resourcefulness.org\/wp-content\/uploads\/2025\/09\/AdobeStock_329170365-200x300.jpeg 200w, https:\/\/resourcefulness.org\/wp-content\/uploads\/2025\/09\/AdobeStock_329170365-768x1152.jpeg 768w\" sizes=\"(max-width: 683px) 100vw, 683px\" \/>\t\t\t\t\t\t\t\t\t\t\t\t\t\t\t<\/div>\n\t\t\t\t<\/div>\n\t\t\t\t<\/div>\n\t\t<div class=\"elementor-element elementor-element-a3fef3f e-con-full e-flex elementor-invisible e-con e-child\" data-id=\"a3fef3f\" data-element_type=\"container\" data-settings=\"{&quot;animation&quot;:&quot;fadeInRight&quot;,&quot;animation_mobile&quot;:&quot;none&quot;}\">\n\t\t\t\t<div class=\"elementor-element elementor-element-2ad247e elementor-widget elementor-widget-heading\" data-id=\"2ad247e\" data-element_type=\"widget\" data-widget_type=\"heading.default\">\n\t\t\t\t<div class=\"elementor-widget-container\">\n\t\t\t\t\t<h2 class=\"elementor-heading-title elementor-size-default\">\u00bfPor qu\u00e9 obtener una insignia digital?<\/h2>\t\t\t\t<\/div>\n\t\t\t\t<\/div>\n\t\t\t\t<div class=\"elementor-element elementor-element-bc9d6da elementor-widget elementor-widget-text-editor\" data-id=\"bc9d6da\" data-element_type=\"widget\" data-widget_type=\"text-editor.default\">\n\t\t\t\t<div class=\"elementor-widget-container\">\n\t\t\t\t\t\t\t\t\t<p>Las insignias digitales aportan un valor real porque ayudan a cerrar la brecha entre la educaci\u00f3n y el mundo laboral. Aqu\u00ed te explicamos por qu\u00e9 son importantes: <\/p><p><strong>1. Prueba de habilidades (no solo asistencia)<\/strong><\/p><ul><li>Las insignias no solo demuestran que \u201ctomaste un curso\u201d, sino que destacan lo que realmente sabes hacer, como aplicar estrategias de conservaci\u00f3n, desarrollar habilidades de liderazgo o comprender el nexo entre energ\u00eda y agua, entre otros aspectos. <\/li><li>Cada vez m\u00e1s empleadores buscan evidencias basadas en habilidades, y las insignias ofrecen esa prueba en un formato f\u00e1cil de compartir y transportar.<\/li><\/ul><p><strong>2. Port\u00e1tiles y f\u00e1ciles de compartir<\/strong><\/p><ul><li>Puedes integrar tu insignia en LinkedIn o incluirla en tu portafolio digital, enviando una se\u00f1al inmediata de credibilidad a empleadores, colegas y contactos profesionales.<\/li><li>A diferencia de un historial acad\u00e9mico o un t\u00edtulo, las insignias son interactivas: cualquiera puede ver las competencias adquiridas y la instituci\u00f3n que las emiti\u00f3.<\/li><\/ul><p><strong>3. Aprendizaje preparado para el futuro<\/strong><\/p><ul><li>Las insignias impulsan el aprendizaje a lo largo de la vida, ya que no necesitas esperar a completar un grado acad\u00e9mico para demostrar tu progreso.<\/li><li>Son \u201cacumulables\u201d: varias insignias pueden integrarse para formar una credencial mayor, como un programa de certificaci\u00f3n, o incluso contar para requisitos de desarrollo profesional.<\/li><\/ul><p><strong>4. Relevancia para el mercado laboral<\/strong><\/p><ul><li>En sectores como energ\u00eda, agua, sostenibilidad y liderazgo, las insignias indican que has adquirido habilidades clave para el futuro, lo cual resulta valioso para reclutadores, responsables de recursos humanos y comit\u00e9s de promoci\u00f3n.<\/li><li>Ayudan a reducir la brecha de habilidades al validar r\u00e1pidamente competencias especializadas que un t\u00edtulo tradicional puede no destacar.<\/li><\/ul><p><strong>5. Credibilidad y reconocimiento<\/strong><\/p><ul><li>Las insignias emitidas por instituciones como la LBJ School de la Universidad de Texas en Austin cuentan con un fuerte respaldo acad\u00e9mico y reconocimiento de marca.<\/li><li>Demuestran que has sido formado por una instituci\u00f3n confiable, lo cual tiene mayor impacto que muchos cursos gen\u00e9ricos en l\u00ednea.<\/li><\/ul>\t\t\t\t\t\t\t\t<\/div>\n\t\t\t\t<\/div>\n\t\t\t\t<\/div>\n\t\t\t\t<\/div>\n\t\t\t\t<div class=\"elementor-element elementor-element-a6aa102 elementor-align-center elementor-widget elementor-widget-button\" data-id=\"a6aa102\" data-element_type=\"widget\" data-widget_type=\"button.default\">\n\t\t\t\t<div class=\"elementor-widget-container\">\n\t\t\t\t\t\t\t\t\t<div class=\"elementor-button-wrapper\">\n\t\t\t\t\t<a class=\"elementor-button elementor-button-link elementor-size-sm\" href=\"https:\/\/resourcefu2dev.wpenginepowered.com\/es\/registrarse\/\">\n\t\t\t\t\t\t<span class=\"elementor-button-content-wrapper\">\n\t\t\t\t\t\t<span class=\"elementor-button-icon\">\n\t\t\t\t<i aria-hidden=\"true\" class=\"fas fa-sign-in-alt\"><\/i>\t\t\t<\/span>\n\t\t\t\t\t\t\t\t\t<span class=\"elementor-button-text\">Empieza a ganar tu insignia hoy mismo<\/span>\n\t\t\t\t\t<\/span>\n\t\t\t\t\t<\/a>\n\t\t\t\t<\/div>\n\t\t\t\t\t\t\t\t<\/div>\n\t\t\t\t<\/div>\n\t\t\t\t\t<\/div>\n\t\t\t\t<\/div>\n\t\t\t\t<\/div>\n\t\t","protected":false},"excerpt":{"rendered":"<p>La Insignia Digital Resourcefulness La Insignia Digital Resourcefulness de la Universidad de Texas en Austin est\u00e1 dise\u00f1ada para estudiantes y profesionales que desean profundizar sus conocimientos sobre energ\u00eda y agua, y poner ese aprendizaje en pr\u00e1ctica para construir un futuro m\u00e1s sostenible. \u00bfPara qui\u00e9n es una insignia digital? Estudiantes que se preparan para carreras en [&hellip;]<\/p>\n","protected":false},"author":1,"featured_media":0,"parent":0,"menu_order":0,"comment_status":"closed","ping_status":"closed","template":"","meta":{"inline_featured_image":false,"footnotes":""},"class_list":["post-5115","page","type-page","status-publish","hentry"],"_links":{"self":[{"href":"https:\/\/resourcefulness.org\/es\/wp-json\/wp\/v2\/pages\/5115","targetHints":{"allow":["GET"]}}],"collection":[{"href":"https:\/\/resourcefulness.org\/es\/wp-json\/wp\/v2\/pages"}],"about":[{"href":"https:\/\/resourcefulness.org\/es\/wp-json\/wp\/v2\/types\/page"}],"author":[{"embeddable":true,"href":"https:\/\/resourcefulness.org\/es\/wp-json\/wp\/v2\/users\/1"}],"replies":[{"embeddable":true,"href":"https:\/\/resourcefulness.org\/es\/wp-json\/wp\/v2\/comments?post=5115"}],"version-history":[{"count":0,"href":"https:\/\/resourcefulness.org\/es\/wp-json\/wp\/v2\/pages\/5115\/revisions"}],"wp:attachment":[{"href":"https:\/\/resourcefulness.org\/es\/wp-json\/wp\/v2\/media?parent=5115"}],"curies":[{"name":"wp","href":"https:\/\/api.w.org\/{rel}","templated":true}]}}