{"id":4924,"date":"2025-09-03T02:33:47","date_gmt":"2025-09-03T07:33:47","guid":{"rendered":"https:\/\/resourcefulness.org\/registrarse\/"},"modified":"2025-12-10T12:36:10","modified_gmt":"2025-12-10T18:36:10","slug":"registrarse","status":"publish","type":"page","link":"https:\/\/resourcefulness.org\/es\/registrarse\/","title":{"rendered":"Registrarse"},"content":{"rendered":"\t\t<div data-elementor-type=\"wp-page\" data-elementor-id=\"4924\" class=\"elementor elementor-4924 elementor-4913\" data-elementor-post-type=\"page\">\n\t\t\t\t<div class=\"elementor-element elementor-element-5d095b3 e-flex e-con-boxed e-con e-parent\" data-id=\"5d095b3\" data-element_type=\"container\">\n\t\t\t\t\t<div class=\"e-con-inner\">\n\t\t\t\t<div class=\"elementor-element elementor-element-34a4a96 elementor-widget elementor-widget-heading\" data-id=\"34a4a96\" data-element_type=\"widget\" data-widget_type=\"heading.default\">\n\t\t\t\t<div class=\"elementor-widget-container\">\n\t\t\t\t\t<h1 class=\"elementor-heading-title elementor-size-default\">Reg\u00edstrese para Recursohabilidad<\/h1>\t\t\t\t<\/div>\n\t\t\t\t<\/div>\n\t\t<div class=\"elementor-element elementor-element-a5d1495 e-con-full e-flex e-con e-child\" data-id=\"a5d1495\" data-element_type=\"container\">\n\t\t\t\t<div class=\"elementor-element elementor-element-2f88a2d elementor-widget elementor-widget-heading\" data-id=\"2f88a2d\" data-element_type=\"widget\" data-widget_type=\"heading.default\">\n\t\t\t\t<div class=\"elementor-widget-container\">\n\t\t\t\t\t<h4 class=\"elementor-heading-title elementor-size-default\">\u00bfPreparado para ser ingenioso? Empieza por registrarte aqu\u00ed. Recibir\u00e1s un correo electr\u00f3nico con tu enlace de confirmaci\u00f3n.<\/h4>\t\t\t\t<\/div>\n\t\t\t\t<\/div>\n\t\t\t\t<div class=\"elementor-element elementor-element-3af314a elementor-button-align-start elementor-widget elementor-widget-form\" data-id=\"3af314a\" data-element_type=\"widget\" data-settings=\"{&quot;step_next_label&quot;:&quot;Siguiente&quot;,&quot;step_previous_label&quot;:&quot;Anterior&quot;,&quot;step_type&quot;:&quot;number_text&quot;,&quot;step_icon_shape&quot;:&quot;circle&quot;}\" data-widget_type=\"form.default\">\n\t\t\t\t<div class=\"elementor-widget-container\">\n\t\t\t\t\t\t\t<form class=\"elementor-form\" method=\"post\" name=\"Formulario nuevo\" aria-label=\"Formulario nuevo\">\n\t\t\t<input type=\"hidden\" name=\"post_id\" value=\"4924\"\/>\n\t\t\t<input type=\"hidden\" name=\"form_id\" value=\"3af314a\"\/>\n\t\t\t<input type=\"hidden\" name=\"referer_title\" value=\"\" \/>\n\n\t\t\t\n\t\t\t<div class=\"elementor-form-fields-wrapper elementor-labels-\">\n\t\t\t\t\t\t\t\t<div class=\"elementor-field-type-text elementor-field-group elementor-column elementor-field-group-name elementor-col-100 elementor-field-required\">\n\t\t\t\t\t\t\t\t\t\t\t\t<label for=\"form-field-name\" class=\"elementor-field-label elementor-screen-only\">\n\t\t\t\t\t\t\t\tNombre de usuario\t\t\t\t\t\t\t<\/label>\n\t\t\t\t\t\t\t\t\t\t\t\t\t\t<input size=\"1\" type=\"text\" name=\"form_fields[name]\" id=\"form-field-name\" class=\"elementor-field elementor-size-sm  elementor-field-textual\" placeholder=\"Nombre de usuario\" required=\"required\">\n\t\t\t\t\t\t\t\t\t\t\t<\/div>\n\t\t\t\t\t\t\t\t<div class=\"elementor-field-type-text elementor-field-group elementor-column elementor-field-group-first_name elementor-col-50 elementor-field-required\">\n\t\t\t\t\t\t\t\t\t\t\t\t<label for=\"form-field-first_name\" class=\"elementor-field-label elementor-screen-only\">\n\t\t\t\t\t\t\t\tNombre\t\t\t\t\t\t\t<\/label>\n\t\t\t\t\t\t\t\t\t\t\t\t\t\t<input size=\"1\" type=\"text\" name=\"form_fields[first_name]\" id=\"form-field-first_name\" class=\"elementor-field elementor-size-sm  elementor-field-textual\" placeholder=\"Nombre\" required=\"required\">\n\t\t\t\t\t\t\t\t\t\t\t<\/div>\n\t\t\t\t\t\t\t\t<div class=\"elementor-field-type-text elementor-field-group elementor-column elementor-field-group-field_3461a14 elementor-col-50 elementor-field-required\">\n\t\t\t\t\t\t\t\t\t\t\t\t<label for=\"form-field-field_3461a14\" class=\"elementor-field-label elementor-screen-only\">\n\t\t\t\t\t\t\t\tApellido\t\t\t\t\t\t\t<\/label>\n\t\t\t\t\t\t\t\t\t\t\t\t\t\t<input size=\"1\" type=\"text\" name=\"form_fields[field_3461a14]\" id=\"form-field-field_3461a14\" class=\"elementor-field elementor-size-sm  elementor-field-textual\" placeholder=\"Apellido\" required=\"required\">\n\t\t\t\t\t\t\t\t\t\t\t<\/div>\n\t\t\t\t\t\t\t\t<div class=\"elementor-field-type-email elementor-field-group elementor-column elementor-field-group-email elementor-col-100 elementor-field-required\">\n\t\t\t\t\t\t\t\t\t\t\t\t<label for=\"form-field-email\" class=\"elementor-field-label elementor-screen-only\">\n\t\t\t\t\t\t\t\tCorreo electr\u00f3nico\t\t\t\t\t\t\t<\/label>\n\t\t\t\t\t\t\t\t\t\t\t\t\t\t<input size=\"1\" type=\"email\" name=\"form_fields[email]\" id=\"form-field-email\" class=\"elementor-field elementor-size-sm  elementor-field-textual\" placeholder=\"Correo electr\u00f3nico\" required=\"required\">\n\t\t\t\t\t\t\t\t\t\t\t<\/div>\n\t\t\t\t\t\t\t\t<div class=\"elementor-field-type-html elementor-field-group elementor-column elementor-field-group-field_cf12823 elementor-col-100\">\n\t\t\t\t\t<p style=\"font-size: 14px;\">Se enviar\u00e1 un enlace de registro a este correo electr\u00f3nico.<\/p>\t\t\t\t<\/div>\n\t\t\t\t\t\t\t\t<div class=\"elementor-field-type-text elementor-field-group elementor-column elementor-field-group-field_bc6b302 elementor-col-100 elementor-field-required\">\n\t\t\t\t\t\t\t\t\t\t\t\t<label for=\"form-field-field_bc6b302\" class=\"elementor-field-label elementor-screen-only\">\n\t\t\t\t\t\t\t\tContrase\u00f1a\t\t\t\t\t\t\t<\/label>\n\t\t\t\t\t\t\t\t\t\t\t\t\t\t<input size=\"1\" type=\"text\" name=\"form_fields[field_bc6b302]\" id=\"form-field-field_bc6b302\" class=\"elementor-field elementor-size-sm  elementor-field-textual\" placeholder=\"Contrase\u00f1a\" required=\"required\">\n\t\t\t\t\t\t\t\t\t\t\t<\/div>\n\t\t\t\t\t\t\t\t<div class=\"elementor-field-type-text elementor-field-group elementor-column elementor-field-group-field_8bff84c elementor-col-100 elementor-field-required\">\n\t\t\t\t\t\t\t\t\t\t\t\t<label for=\"form-field-field_8bff84c\" class=\"elementor-field-label elementor-screen-only\">\n\t\t\t\t\t\t\t\tRepetir contrase\u00f1a\t\t\t\t\t\t\t<\/label>\n\t\t\t\t\t\t\t\t\t\t\t\t\t\t<input size=\"1\" type=\"text\" name=\"form_fields[field_8bff84c]\" id=\"form-field-field_8bff84c\" class=\"elementor-field elementor-size-sm  elementor-field-textual\" placeholder=\"Repetir contrase\u00f1a\" required=\"required\">\n\t\t\t\t\t\t\t\t\t\t\t<\/div>\n\t\t\t\t\t\t\t\t<div class=\"elementor-field-type-text\">\n\t\t\t\t\t<input size=\"1\" type=\"text\" name=\"form_fields[field_b1ef798]\" id=\"form-field-field_b1ef798\" class=\"elementor-field elementor-size-sm \" style=\"display:none !important;\">\t\t\t\t<\/div>\n\t\t\t\t\t\t\t\t<div class=\"elementor-field-type-recaptcha_v3 elementor-field-group elementor-column elementor-field-group-field_08e9d97 elementor-col-100 recaptcha_v3-bottomright\">\n\t\t\t\t\t<div class=\"elementor-field\" id=\"form-field-field_08e9d97\"><div class=\"elementor-g-recaptcha\" data-sitekey=\"6Lf4Kr0rAAAAAJNsvIGhB1NOLqAzj_TIs6pJ8__H\" data-type=\"v3\" data-action=\"Form\" data-badge=\"bottomright\" data-size=\"invisible\"><\/div><\/div>\t\t\t\t<\/div>\n\t\t\t\t\t\t\t\t<div class=\"elementor-field-group elementor-column elementor-field-type-submit elementor-col-100 e-form__buttons\">\n\t\t\t\t\t<button class=\"elementor-button elementor-size-sm\" type=\"submit\">\n\t\t\t\t\t\t<span class=\"elementor-button-content-wrapper\">\n\t\t\t\t\t\t\t\t\t\t\t\t\t\t\t\t\t\t\t\t\t\t<span class=\"elementor-button-text\">Registrarse<\/span>\n\t\t\t\t\t\t\t\t\t\t\t\t\t<\/span>\n\t\t\t\t\t<\/button>\n\t\t\t\t<\/div>\n\t\t\t<\/div>\n\t\t<\/form>\n\t\t\t\t\t\t<\/div>\n\t\t\t\t<\/div>\n\t\t\t\t<div class=\"elementor-element elementor-element-7b5fafd elementor-widget elementor-widget-text-editor\" data-id=\"7b5fafd\" data-element_type=\"widget\" data-widget_type=\"text-editor.default\">\n\t\t\t\t<div class=\"elementor-widget-container\">\n\t\t\t\t\t\t\t\t\t<p>\u00bfYa te has registrado? <span style=\"color: #993300;\"><a style=\"color: #993300;\" href=\"https:\/\/resourcefulness.org\/es\/iniciar-sesion\/\">Iniciar sesi\u00f3n<\/a><\/span><\/p>\t\t\t\t\t\t\t\t<\/div>\n\t\t\t\t<\/div>\n\t\t\t\t<\/div>\n\t\t<div class=\"elementor-element elementor-element-7523623 e-con-full e-flex e-con e-child\" data-id=\"7523623\" data-element_type=\"container\">\n\t\t\t\t<div class=\"elementor-element elementor-element-cc9f675 elementor-widget elementor-widget-text-editor\" data-id=\"cc9f675\" data-element_type=\"widget\" data-widget_type=\"text-editor.default\">\n\t\t\t\t<div class=\"elementor-widget-container\">\n\t\t\t\t\t\t\t\t\t<p>\u00bfTodav\u00eda no est\u00e1s seguro? Obt\u00e9n m\u00e1s informaci\u00f3n sobre la <span style=\"color: #993300;\"><a style=\"color: #993300;\" href=\"https:\/\/resourcefulness.org\/es\/insignia-digital\/\">insignia digital<\/a><\/span> o consulta nuestras <span style=\"color: #993300;\"><a style=\"color: #993300;\" href=\"https:\/\/resourcefulness.org\/es\/preguntas-frecuentes\/\">preguntas frecuentes<\/a><\/span>.<\/p>\t\t\t\t\t\t\t\t<\/div>\n\t\t\t\t<\/div>\n\t\t\t\t<\/div>\n\t\t\t\t\t<\/div>\n\t\t\t\t<\/div>\n\t\t\t\t<\/div>\n\t\t","protected":false},"excerpt":{"rendered":"<p>Reg\u00edstrese para Recursohabilidad \u00bfPreparado para ser ingenioso? Empieza por registrarte aqu\u00ed. Recibir\u00e1s un correo electr\u00f3nico con tu enlace de confirmaci\u00f3n. \u00bfYa te has registrado? Iniciar sesi\u00f3n \u00bfTodav\u00eda no est\u00e1s seguro? Obt\u00e9n m\u00e1s informaci\u00f3n sobre la insignia digital o consulta nuestras preguntas frecuentes. Ya te has registrado en Recursohabilidad. Finalizar la sesi\u00f3n<\/p>\n","protected":false},"author":1,"featured_media":0,"parent":0,"menu_order":0,"comment_status":"closed","ping_status":"closed","template":"","meta":{"inline_featured_image":false,"footnotes":""},"class_list":["post-4924","page","type-page","status-publish","hentry"],"_links":{"self":[{"href":"https:\/\/resourcefulness.org\/es\/wp-json\/wp\/v2\/pages\/4924","targetHints":{"allow":["GET"]}}],"collection":[{"href":"https:\/\/resourcefulness.org\/es\/wp-json\/wp\/v2\/pages"}],"about":[{"href":"https:\/\/resourcefulness.org\/es\/wp-json\/wp\/v2\/types\/page"}],"author":[{"embeddable":true,"href":"https:\/\/resourcefulness.org\/es\/wp-json\/wp\/v2\/users\/1"}],"replies":[{"embeddable":true,"href":"https:\/\/resourcefulness.org\/es\/wp-json\/wp\/v2\/comments?post=4924"}],"version-history":[{"count":0,"href":"https:\/\/resourcefulness.org\/es\/wp-json\/wp\/v2\/pages\/4924\/revisions"}],"wp:attachment":[{"href":"https:\/\/resourcefulness.org\/es\/wp-json\/wp\/v2\/media?parent=4924"}],"curies":[{"name":"wp","href":"https:\/\/api.w.org\/{rel}","templated":true}]}}