{"id":4752,"date":"2025-08-22T21:15:26","date_gmt":"2025-08-23T02:15:26","guid":{"rendered":"http:\/\/resourcefu2dev.local\/?page_id=4752"},"modified":"2026-01-02T13:42:17","modified_gmt":"2026-01-02T19:42:17","slug":"home-esp","status":"publish","type":"page","link":"https:\/\/resourcefulness.org\/es\/","title":{"rendered":"Home-ESP"},"content":{"rendered":"\t\t<div data-elementor-type=\"wp-page\" data-elementor-id=\"4752\" class=\"elementor elementor-4752 elementor-4749\" data-elementor-post-type=\"page\">\n\t\t\t\t<div class=\"elementor-element elementor-element-447aaff2 e-con-full e-flex e-con e-parent\" data-id=\"447aaff2\" data-element_type=\"container\" data-settings=\"{&quot;background_background&quot;:&quot;classic&quot;}\">\n\t\t<div class=\"elementor-element elementor-element-3f74a08 e-con-full blur e-flex e-con e-child\" data-id=\"3f74a08\" data-element_type=\"container\" data-settings=\"{&quot;background_background&quot;:&quot;classic&quot;}\">\n\t\t\t\t<div class=\"elementor-element elementor-element-c277126 elementor-widget elementor-widget-heading\" data-id=\"c277126\" data-element_type=\"widget\" data-widget_type=\"heading.default\">\n\t\t\t\t<div class=\"elementor-widget-container\">\n\t\t\t\t\t<h2 class=\"elementor-heading-title elementor-size-default\">Que significa ser \u201cresourceful\u201d?<\/h2>\t\t\t\t<\/div>\n\t\t\t\t<\/div>\n\t\t\t\t<div class=\"elementor-element elementor-element-38a0862 elementor-widget elementor-widget-text-editor\" data-id=\"38a0862\" data-element_type=\"widget\" data-widget_type=\"text-editor.default\">\n\t\t\t\t<div class=\"elementor-widget-container\">\n\t\t\t\t\t\t\t\t\t<p>En ingl\u00e9s, la palabra resourceful se refiere al uso eficiente y consciente de los recursos naturales, con el fin de asegurar que sigamos teniendo acceso a ellos tanto en nuestras vidas como en las de las generaciones futuras. El mundo necesita personas innovadoras que comprendan la conexi\u00f3n fundamental entre la energ\u00eda y el agua. Ser resourceful implica estar atentos a la forma en que utilizamos estos recursos y hacer un esfuerzo consciente por reflexionar activamente sobre su uso, con el fin de cuidarlos y aprovecharlos de manera adecuada.<\/p><p>El agua y la energ\u00eda dependen completamente la una de la otra, uni\u00e9ndose en el nexo agua-energ\u00eda. Necesitamos agua para producir electricidad, y se requiere energ\u00eda para extraer, tratar y suministrar agua. Las decisiones que tomamos para generar energ\u00eda alteran el clima global y local, lo que afecta a la disponibilidad de agua para enfriar nuestras plantas de generaci\u00f3n.<\/p><p>En Resourcefulness, nuestro objetivo es mejorar la alfabetizaci\u00f3n en agua y energ\u00eda, fomentar la conservaci\u00f3n e inspirar a la pr\u00f3xima generaci\u00f3n de innovadores.<\/p>\t\t\t\t\t\t\t\t<\/div>\n\t\t\t\t<\/div>\n\t\t\t\t<div class=\"elementor-element elementor-element-dbab955 elementor-widget elementor-widget-button\" data-id=\"dbab955\" data-element_type=\"widget\" data-widget_type=\"button.default\">\n\t\t\t\t<div class=\"elementor-widget-container\">\n\t\t\t\t\t\t\t\t\t<div class=\"elementor-button-wrapper\">\n\t\t\t\t\t<a class=\"elementor-button elementor-button-link elementor-size-sm\" href=\"https:\/\/resourcefulness.org\/es\/courses\/recursohabilidad\/\">\n\t\t\t\t\t\t<span class=\"elementor-button-content-wrapper\">\n\t\t\t\t\t\t\t\t\t<span class=\"elementor-button-text\">Ver curso<\/span>\n\t\t\t\t\t<\/span>\n\t\t\t\t\t<\/a>\n\t\t\t\t<\/div>\n\t\t\t\t\t\t\t\t<\/div>\n\t\t\t\t<\/div>\n\t\t\t\t<\/div>\n\t\t\t\t<\/div>\n\t\t\t\t<\/div>\n\t\t","protected":false},"excerpt":{"rendered":"<p>Que significa ser \u201cresourceful\u201d? En ingl\u00e9s, la palabra resourceful se refiere al uso eficiente y consciente de los recursos naturales, con el fin de asegurar que sigamos teniendo acceso a ellos tanto en nuestras vidas como en las de las generaciones futuras. El mundo necesita personas innovadoras que comprendan la conexi\u00f3n fundamental entre la energ\u00eda [&hellip;]<\/p>\n","protected":false},"author":1,"featured_media":0,"parent":0,"menu_order":0,"comment_status":"closed","ping_status":"closed","template":"","meta":{"inline_featured_image":false,"footnotes":""},"class_list":["post-4752","page","type-page","status-publish","hentry"],"_links":{"self":[{"href":"https:\/\/resourcefulness.org\/es\/wp-json\/wp\/v2\/pages\/4752","targetHints":{"allow":["GET"]}}],"collection":[{"href":"https:\/\/resourcefulness.org\/es\/wp-json\/wp\/v2\/pages"}],"about":[{"href":"https:\/\/resourcefulness.org\/es\/wp-json\/wp\/v2\/types\/page"}],"author":[{"embeddable":true,"href":"https:\/\/resourcefulness.org\/es\/wp-json\/wp\/v2\/users\/1"}],"replies":[{"embeddable":true,"href":"https:\/\/resourcefulness.org\/es\/wp-json\/wp\/v2\/comments?post=4752"}],"version-history":[{"count":0,"href":"https:\/\/resourcefulness.org\/es\/wp-json\/wp\/v2\/pages\/4752\/revisions"}],"wp:attachment":[{"href":"https:\/\/resourcefulness.org\/es\/wp-json\/wp\/v2\/media?parent=4752"}],"curies":[{"name":"wp","href":"https:\/\/api.w.org\/{rel}","templated":true}]}}